{"id":4,"date":"2022-03-22T16:41:34","date_gmt":"2022-03-22T15:41:34","guid":{"rendered":"https:\/\/kinderbasar-schwanstetten.de\/willkommen-auf-https-kinderbasar-schwanstetten-de"},"modified":"2026-03-15T12:21:00","modified_gmt":"2026-03-15T11:21:00","slug":"willkommen","status":"publish","type":"page","link":"https:\/\/kinderbasar-schwanstetten.de\/","title":{"rendered":"Willkommen beim Kinderbasar Schwanstetten"},"content":{"rendered":"\n<p class=\"has-responsive-global-palette-3-color has-text-color has-link-color wp-elements-01df02b1aca18e272f5a3f1be8d39557\">Unser Basarteam ist seit Anfang 2025 von 2 auf 6 Personen aus verschiedenen Einrichtungen in und um Schwanstetten angewachsen. Unser Erl\u00f6s aus dem Fr\u00fchjahr-\/Sommerbasar 2026 wird das erste Mal an die AWO Kita Sonnenschein in Schwanstetten gehen. Wir freuen uns auf die Zusammenarbeit und Unterst\u00fctzung durch die AWO bei unseren Kinderbasaren in 2026.<\/p>\n\n\n\n<p class=\"has-responsive-global-palette-7-color has-text-color has-link-color has-medium-font-size wp-elements-567773d8ecf0f1ae718734105cf1a3ce\"><strong>Bitte f\u00fcr unseren Fr\u00fchjahrsbasar beachten: Es sollen keine gro\u00dfen Taschen, Rucks\u00e4cke und Kinderwagen mit in die Gemeindehalle genommen werden. Wir bedanken uns herzlich f\u00fcr euer Verst\u00e4ndnis.<\/strong><\/p>\n\n\n\n<p class=\"has-responsive-global-palette-3-color has-text-color has-link-color wp-elements-67f702984154af7bab66475fd4c59481\">Mittlerweile haben wir alle Verk\u00e4ufernummern f\u00fcr unseren Kinderbasar vergeben und die Anmeldung geschlossen. Es gibt nur  noch ein paar Pl\u00e4tze f\u00fcr Helfer (<a href=\"https:\/\/basarlino.de\/KK82\" target=\"_blank\" rel=\"noreferrer noopener\">https:\/\/basarlino.de\/KK82<\/a>). Wer uns unterst\u00fctzen m\u00f6chte kann bei uns per E-Mail <a href=\"mailto:info@basar-schwanstetten.de\">info@basar-schwanstetten.de<\/a> die offenen Schichten erfragen. Unten findet ihr jetzt unseren Flyer zum flei\u00dfigen Verteilen. Vielen Dank schon mal im Voraus an alle Helfer die uns unterst\u00fctzen.<\/p>\n\n\n\n<p class=\"has-responsive-global-palette-3-color has-text-color has-link-color wp-elements-2fa7c7e567da0281b61e8c288817ff47\" id=\"block-cb86101f-0daf-4e71-b3c8-3d38ddbec459\">Eine Woche nach unserem Kinderbasar findet der zweite Ladies Moonlightbasar am Samstag, 18.04.2026 von 19 bis 22 Uhr in der Gemeindehalle Schwanstetten statt. Dies ist ein Abend f\u00fcr die Ladies und Teenies zum Einkaufen, Entspannen und Quatschen. Hier der Link zu unserer Webseite: <a href=\"http:\/\/basar-schwanstetten.de\/\" data-type=\"link\" data-id=\"http:\/\/basar-schwanstetten.de\/\">www.basar.schwanstetten.de<\/a><\/p>\n\n\n\n<p id=\"block-cb86101f-0daf-4e71-b3c8-3d38ddbec459\"> <br>Schwanstetten, 15.03.2026<br><strong>Euer Basar-Team<\/strong><\/p>\n\n\n<style>.wp-block-kadence-column.kb-section-dir-horizontal > .kt-inside-inner-col > .kt-info-box4_a5c675-3e .kt-blocks-info-box-link-wrap{max-width:unset;}.kt-info-box4_a5c675-3e .kt-blocks-info-box-link-wrap{border-top:3px solid #10659C;border-right:3px solid #10659C;border-bottom:3px solid #10659C;border-left:3px solid #10659C;border-top-left-radius:0px;border-top-right-radius:0px;border-bottom-right-radius:0px;border-bottom-left-radius:0px;background:#9ad9f7;padding-top:0px;padding-right:0px;padding-bottom:0px;padding-left:0px;}.kt-info-box4_a5c675-3e .kt-blocks-info-box-link-wrap:hover{background:#ffffff;}.kt-info-box4_a5c675-3e.wp-block-kadence-infobox{max-width:100%;}.kt-info-box4_a5c675-3e .kadence-info-box-image-inner-intrisic-container{max-width:75px;}.kt-info-box4_a5c675-3e .kadence-info-box-image-inner-intrisic-container .kadence-info-box-image-intrisic{padding-bottom:141.4427%;width:1414px;height:0px;max-width:100%;}.kt-info-box4_a5c675-3e .kadence-info-box-icon-container .kt-info-svg-icon, .kt-info-box4_a5c675-3e .kt-info-svg-icon-flip, .kt-info-box4_a5c675-3e .kt-blocks-info-box-number{font-size:50px;}.kt-info-box4_a5c675-3e .kt-blocks-info-box-media{color:#444444;background:#ffffff;border-color:#376167;border-top-width:2px;border-right-width:2px;border-bottom-width:2px;border-left-width:2px;padding-top:20px;padding-right:20px;padding-bottom:20px;padding-left:20px;margin-top:0px;margin-right:20px;margin-bottom:0px;margin-left:0px;}.kt-info-box4_a5c675-3e .kt-blocks-info-box-link-wrap:hover .kt-blocks-info-box-media{color:#444444;background:#ffffff;border-color:#eeeeee;}.kt-info-box4_a5c675-3e .kt-infobox-textcontent h3.kt-blocks-info-box-title{color:#10659C;padding-top:0px;padding-right:0px;padding-bottom:0px;padding-left:0px;margin-top:0px;margin-right:0px;margin-left:0px;}.kt-info-box4_a5c675-3e .kt-infobox-textcontent .kt-blocks-info-box-text{color:#555555;}.kt-info-box4_a5c675-3e .kt-blocks-info-box-learnmore{background:transparent;border-color:#555555;border-width:0px 0px 0px 0px;padding-top:4px;padding-right:8px;padding-bottom:4px;padding-left:8px;margin-top:10px;margin-right:0px;margin-bottom:10px;margin-left:0px;}.kt-info-box4_a5c675-3e .kt-blocks-info-box-link-wrap:hover .kt-blocks-info-box-learnmore,.kt-info-box4_a5c675-3e .kt-blocks-info-box-link-wrap .kt-blocks-info-box-learnmore:focus{color:#ffffff;background:#444444;border-color:#444444;}.kt-info-box4_a5c675-3e .kt-blocks-info-box-link-wrap{box-shadow:0px 0px 0px 0px rgba(0, 0, 0, 0);}.kt-info-box4_a5c675-3e .kt-blocks-info-box-link-wrap:hover{box-shadow:0px 0px 14px 0px rgba(0, 0, 0, 0.2);}@media all and (max-width: 1024px){.kt-info-box4_a5c675-3e .kt-blocks-info-box-link-wrap{border-top:3px solid #10659C;border-right:3px solid #10659C;border-bottom:3px solid #10659C;border-left:3px solid #10659C;box-shadow:0px 0px 0px 0px rgba(0, 0, 0, 0);}}@media all and (max-width: 1024px){.kt-info-box4_a5c675-3e .kt-blocks-info-box-link-wrap:hover{box-shadow:0px 0px 14px 0px rgba(0, 0, 0, 0.2);}}@media all and (max-width: 767px){.kt-info-box4_a5c675-3e .kt-blocks-info-box-link-wrap{border-top:3px solid #10659C;border-right:3px solid #10659C;border-bottom:3px solid #10659C;border-left:3px solid #10659C;box-shadow:0px 0px 0px 0px rgba(0, 0, 0, 0);}.kt-info-box4_a5c675-3e .kt-blocks-info-box-link-wrap:hover{box-shadow:0px 0px 14px 0px rgba(0, 0, 0, 0.2);}}<\/style>\n<div class=\"wp-block-kadence-infobox kt-info-box4_a5c675-3e\"><a class=\"kt-blocks-info-box-link-wrap info-box-link kt-blocks-info-box-media-align-left kt-info-halign-left\" href=\"https:\/\/i0.wp.com\/kinderbasar-schwanstetten.de\/wp-content\/uploads\/2026\/03\/Kinderbasar_Flyer_Fruehjahr_2026.png?ssl=1\" aria-label=\"Flyer Kinderbasar Fr\u00fchjahr\/Sommer 2026\"><div class=\"kt-blocks-info-box-media-container\"><div class=\"kt-blocks-info-box-media kt-info-media-animate-none\"><div class=\"kadence-info-box-image-inner-intrisic-container\"><div class=\"kadence-info-box-image-intrisic kt-info-animate-none\"><div class=\"kadence-info-box-image-inner-intrisic\"><img data-recalc-dims=\"1\" loading=\"lazy\" decoding=\"async\" src=\"https:\/\/i0.wp.com\/kinderbasar-schwanstetten.de\/wp-content\/uploads\/2026\/03\/Kinderbasar_Flyer_Fruehjahr_2026.png?resize=605%2C856&#038;ssl=1\" alt=\"\" width=\"605\" height=\"856\" class=\"kt-info-box-image wp-image-570\" srcset=\"https:\/\/i0.wp.com\/kinderbasar-schwanstetten.de\/wp-content\/uploads\/2026\/03\/Kinderbasar_Flyer_Fruehjahr_2026.png?w=1414&amp;ssl=1 1414w, https:\/\/i0.wp.com\/kinderbasar-schwanstetten.de\/wp-content\/uploads\/2026\/03\/Kinderbasar_Flyer_Fruehjahr_2026.png?resize=212%2C300&amp;ssl=1 212w, https:\/\/i0.wp.com\/kinderbasar-schwanstetten.de\/wp-content\/uploads\/2026\/03\/Kinderbasar_Flyer_Fruehjahr_2026.png?resize=724%2C1024&amp;ssl=1 724w, https:\/\/i0.wp.com\/kinderbasar-schwanstetten.de\/wp-content\/uploads\/2026\/03\/Kinderbasar_Flyer_Fruehjahr_2026.png?resize=768%2C1086&amp;ssl=1 768w, https:\/\/i0.wp.com\/kinderbasar-schwanstetten.de\/wp-content\/uploads\/2026\/03\/Kinderbasar_Flyer_Fruehjahr_2026.png?resize=1086%2C1536&amp;ssl=1 1086w, https:\/\/i0.wp.com\/kinderbasar-schwanstetten.de\/wp-content\/uploads\/2026\/03\/Kinderbasar_Flyer_Fruehjahr_2026.png?resize=100%2C141&amp;ssl=1 100w, https:\/\/i0.wp.com\/kinderbasar-schwanstetten.de\/wp-content\/uploads\/2026\/03\/Kinderbasar_Flyer_Fruehjahr_2026.png?resize=150%2C212&amp;ssl=1 150w, https:\/\/i0.wp.com\/kinderbasar-schwanstetten.de\/wp-content\/uploads\/2026\/03\/Kinderbasar_Flyer_Fruehjahr_2026.png?resize=200%2C283&amp;ssl=1 200w, https:\/\/i0.wp.com\/kinderbasar-schwanstetten.de\/wp-content\/uploads\/2026\/03\/Kinderbasar_Flyer_Fruehjahr_2026.png?resize=300%2C424&amp;ssl=1 300w, https:\/\/i0.wp.com\/kinderbasar-schwanstetten.de\/wp-content\/uploads\/2026\/03\/Kinderbasar_Flyer_Fruehjahr_2026.png?resize=450%2C636&amp;ssl=1 450w, https:\/\/i0.wp.com\/kinderbasar-schwanstetten.de\/wp-content\/uploads\/2026\/03\/Kinderbasar_Flyer_Fruehjahr_2026.png?resize=600%2C849&amp;ssl=1 600w, https:\/\/i0.wp.com\/kinderbasar-schwanstetten.de\/wp-content\/uploads\/2026\/03\/Kinderbasar_Flyer_Fruehjahr_2026.png?resize=900%2C1273&amp;ssl=1 900w, https:\/\/i0.wp.com\/kinderbasar-schwanstetten.de\/wp-content\/uploads\/2026\/03\/Kinderbasar_Flyer_Fruehjahr_2026.png?w=1210&amp;ssl=1 1210w\" sizes=\"auto, (max-width: 605px) 100vw, 605px\" \/><\/div><\/div><\/div><\/div><\/div><div class=\"kt-infobox-textcontent\"><h3 class=\"kt-blocks-info-box-title\">Flyer Kinderbasar Fr\u00fchjahr\/Sommer 2026<\/h3><\/div><\/a><\/div>\n\n\n\n<p><\/p>\n","protected":false},"excerpt":{"rendered":"<p>Unser Basarteam ist seit Anfang 2025 von 2 auf 6 Personen aus verschiedenen Einrichtungen in und um Schwanstetten angewachsen. Unser Erl\u00f6s aus dem Fr\u00fchjahr-\/Sommerbasar 2026 wird das erste Mal an die AWO Kita Sonnenschein in Schwanstetten gehen. Wir freuen uns &hellip;<\/p>\n<p class=\"read-more\"> <a class=\"more-link\" href=\"https:\/\/kinderbasar-schwanstetten.de\/\"> <span class=\"screen-reader-text\">Willkommen beim Kinderbasar Schwanstetten<\/span> Weiterlesen &raquo;<\/a><\/p>\n","protected":false},"author":1,"featured_media":0,"parent":0,"menu_order":0,"comment_status":"closed","ping_status":"closed","template":"full-width-page.php","meta":{"footnotes":""},"class_list":["post-4","page","type-page","status-publish","hentry"],"jetpack_sharing_enabled":true,"_links":{"self":[{"href":"https:\/\/kinderbasar-schwanstetten.de\/index.php?rest_route=\/wp\/v2\/pages\/4","targetHints":{"allow":["GET"]}}],"collection":[{"href":"https:\/\/kinderbasar-schwanstetten.de\/index.php?rest_route=\/wp\/v2\/pages"}],"about":[{"href":"https:\/\/kinderbasar-schwanstetten.de\/index.php?rest_route=\/wp\/v2\/types\/page"}],"author":[{"embeddable":true,"href":"https:\/\/kinderbasar-schwanstetten.de\/index.php?rest_route=\/wp\/v2\/users\/1"}],"replies":[{"embeddable":true,"href":"https:\/\/kinderbasar-schwanstetten.de\/index.php?rest_route=%2Fwp%2Fv2%2Fcomments&post=4"}],"version-history":[{"count":115,"href":"https:\/\/kinderbasar-schwanstetten.de\/index.php?rest_route=\/wp\/v2\/pages\/4\/revisions"}],"predecessor-version":[{"id":588,"href":"https:\/\/kinderbasar-schwanstetten.de\/index.php?rest_route=\/wp\/v2\/pages\/4\/revisions\/588"}],"wp:attachment":[{"href":"https:\/\/kinderbasar-schwanstetten.de\/index.php?rest_route=%2Fwp%2Fv2%2Fmedia&parent=4"}],"curies":[{"name":"wp","href":"https:\/\/api.w.org\/{rel}","templated":true}]}}