{"id":49,"date":"2022-03-22T19:46:46","date_gmt":"2022-03-22T18:46:46","guid":{"rendered":"https:\/\/kinderbasar-schwanstetten.de\/?page_id=49"},"modified":"2026-01-07T17:04:16","modified_gmt":"2026-01-07T16:04:16","slug":"info-fuer-verkauf","status":"publish","type":"page","link":"https:\/\/kinderbasar-schwanstetten.de\/?page_id=49","title":{"rendered":"Info f\u00fcr Verk\u00e4ufer"},"content":{"rendered":"\n<p>A. <strong>Allgemeine Informationen \/ erlaubte Artikel<\/strong><\/p>\n\n\n\n<ol class=\"wp-block-list\">\n<li>Wir veranstalten einen Kommissionsbasar und behalten einen Grundbetrag und 20% (f\u00fcr Helfer gelten abweichende Konditionen) der Einnahmen ein.<br>Der gesamte Erl\u00f6s des Basars sowie des Kuchenverkaufes wird in 2026 der AWO Kindertagesst\u00e4tte &#8222;Sonnenschein&#8220; in Schwanstetten gespendet und kommt den Kindern dort zugute. Der Rest der Einnahmen wird an die teilnehmenden Verk\u00e4uferInnen ausgezahlt.<\/li>\n\n\n\n<li>Verkauft werden k\u00f6nnen Artikel aus den folgenden Kategorien:<\/li>\n<\/ol>\n\n\n\n<p>\u2022 Babyausstattung &amp; Schwangerschaftszubeh\u00f6r<br>\u2022 B\u00fccher<br>\u2022 CDs, DVDs, Tonies und Tigercards<br>\u2022 Kinderkleidung bis Gr\u00f6\u00dfe 176 (nur saisonal passende Kleidung; andere Artikel werden nicht ausgelegt)<br>\u2022 (Turn-) Schuhe &amp; Turnschl\u00e4ppchen (maximal 3 Paar pro Verk\u00e4uferin)<br>\u2022 Spielsachen, Spielzeug, Puzzles<br>\u2022 Babyspielzeug (aus Hygienegr\u00fcnden bitte ausschlie\u00dflich waschbares Spielzeug! Anderes wird nicht ausgelegt)<br>\u2022 Konsolenspiele (nur mit FSK unter 18 Jahren)<br>\u2022 Kinderwagen und Buggys<br>\u2022 Kindersitze, die nach ECE R44\/04 oder ECE R129 zugelassen sind<br>\u2022 Kinderzimmerzubeh\u00f6r<br>\u2022 Sonstiges, das Kinder betrifft!<br>\u2022 Kuscheltiere (max. 2 St\u00fcck)<br>\u2022 Saisonale Outdoorartikel<\/p>\n\n\n\n<ol start=\"3\" class=\"wp-block-list\">\n<li>Verk\u00e4uferInnen die Helferschichten \u00fcbernehmen erhalten im Gegenzug verg\u00fcnstigte Konditionen:<br>\u2022 Eine Helferschicht \u00fcbernehmen = Bonus 1<br>\u2022 Zwei Helferschichten \u00fcbernehmen = Bonus 2 (wird manuell freigeschaltet)<br>\u2022 Mehr als zwei Helferschichten \u00fcbernehmen = Bonus 3 (wird manuell freigeschaltet)<br>\u2022 Bitte denkt daran, dass Verk\u00e4uferinnen, die bis zum 01. April 2026 weniger als 10 Artikel hochgeladen haben, von uns gel\u00f6scht werden, um Platz f\u00fcr andere auf der Warteliste zu schaffen.<\/li>\n\n\n\n<li>Das Basarteam beh\u00e4lt sich das Recht vor, Verk\u00e4uferinnen und Verk\u00e4ufer, die wiederholt unvollst\u00e4ndige Artikel abgeben, vom Basar auszuschlie\u00dfen. Au\u00dferdem behalten wir uns das Recht vor, Verk\u00e4uferInnen die erneut wegen kurzfristiger (&lt;1 Woche vor dem Basar) Absage -besonders von angemeldeten HelferInnen- von zuk\u00fcnftigen Basaren auszuschlie\u00dfen.<\/li>\n\n\n\n<li>Eine Verk\u00e4uferliste pro Haushalt reicht.<\/li>\n\n\n\n<li>Artikelqualit\u00e4t: bitte gebt nur vollst\u00e4ndige und intakte Kleidung\/Spielzeug ab, das ihr auch selbst kaufen w\u00fcrdet. Wir erhalten R\u00fcckmeldungen der K\u00e4ufer zu unvollst\u00e4ndigen \/ fehlerhaften Artikeln.<\/li>\n<\/ol>\n\n\n\n<p>B. <strong>Auszeichnung der Artikel &amp; Warenabgabe<\/strong><\/p>\n\n\n\n<ol start=\"7\" class=\"wp-block-list\">\n<li>Die Artikel m\u00fcssen in basarlino mit einer aussagekr\u00e4ftigen Bezeichnung eingestellt werden. Fotos sind nur optional! Druckt die Etiketten und Artikellisten aus und bringt die Artikel zum Warenabgabe-Termin (siehe \u201eTermine\u201c).<br>Die Verk\u00e4uferInnen legen die Klamotten nach Doppelgr\u00f6\u00dfen sortiert selbst auf bereit stehende Tische. Mengenm\u00e4\u00dfig begrenzte Artikel werden an einem separaten Tisch abgegeben. Helfer stehen vor Ort bereit. Um alle anderen Artikel k\u00fcmmern wir uns.<\/li>\n\n\n\n<li>Die Etiketten bitte nur auf wei\u00dfem bzw hellem Papier (am besten etwas dickeres) ausdrucken. Klebe-Etiketten sind m\u00f6glich. Der Barcode auf den Etiketten darf beim Anbringen nicht besch\u00e4digt werden. Etiketten k\u00f6nnen bei Bedarf mit durchsichtigem Klebeband verst\u00e4rkt werden.<\/li>\n\n\n\n<li>Die Etiketten bitte NICHT mit Tacker, Nadeln oder Sicherheitsnadeln anbringen! Zusammengeh\u00f6rige Artikel zusammenbinden, Schuhe paarweise. Bei Spielen, Puzzlen etc bitte mit zB. Tesa den Karton verschlie\u00dfen, so dass dieser nicht aufgehen kann. Loses Spielzeug bitte zB. in Zip-Beuteln sammeln und fest verschlie\u00dfen.<\/li>\n\n\n\n<li>Preise bitte in 0,50 Cent-Schritten vergeben.<\/li>\n\n\n\n<li>Am besten die Kleidung bereits nach Doppelgr\u00f6\u00dfen sortiert in die Kiste packen, das spart euch selbst beim Auslegen viel Zeit. Denkt dran: das machen die Verk\u00e4ufer selbst vor Ort.<\/li>\n\n\n\n<li>Bitte gebt eure Artikel in festen Kartons, Kisten etc ab. Beschriftet alle Teile, auch die Deckel, gut sichtbar mit der Verk\u00e4ufernummer. Wir nehmen KEINE T\u00fcten an!<\/li>\n\n\n\n<li>Bitte pr\u00fcft das Spielzeug auf Vollst\u00e4ndigkeit! Vermerkt evtl M\u00e4ngel auf dem Etikett. Bitte beachtet, dass Artikel mit M\u00e4ngeln oder unvollst\u00e4ndigen Teilen (wie Puzzles, Lego o.\u00e4., bei denen die Vollst\u00e4ndigkeit nicht gepr\u00fcft wird) nicht zum Verkauf freigegeben werden, wenn sie beim Sortieren auffallen.<\/li>\n\n\n\n<li>Besch\u00e4digte oder out-of-Style-Artikel k\u00f6nnen ohne Angabe von Gr\u00fcnden durch das Basar-Team aussortiert werden.<\/li>\n<\/ol>\n\n\n\n<p>C. <strong>Warenabholung<\/strong><\/p>\n\n\n\n<ol start=\"15\" class=\"wp-block-list\">\n<li>Nach dem Basar werden die nicht verkauften Artikel zum Warenabholung Termin (siehe \u201eTermine\u201c) wieder von den Verk\u00e4ufern abgeholt.<\/li>\n\n\n\n<li>Der Erl\u00f6s wird nach Abzug der Geb\u00fchren, der Provision und auf 0,50 \u20ac gerundet ausgezahlt.<\/li>\n\n\n\n<li>Artikel, deren Etiketten verloren gegangen sind und nicht mehr einem Verk\u00e4ufer zugeordnet werden k\u00f6nnen, liegen bei der Abholung aus. Wir bitten um Durchsicht der Artikel. Im Nachgang werden wir die Artikel in unserer \u201eVerloren &amp; Gefunden\u201c \u2013 WhatsApp Gruppe einstellen.<\/li>\n<\/ol>\n\n\n\n<p><strong>Haftungsausschluss:<\/strong><br>Das Basarteam haftet nicht bei Verlust, Diebstahl oder Sch\u00e4den.<br>Du bist Eigent\u00fcmer deiner Artikel und kannst sie frei verkaufen.<br>Urheberrechtlich gesch\u00fctzte Artikel (z.B. Printmedien, Tontr\u00e4ger, Datentr\u00e4ger etc.) d\u00fcrfen nur im Originalzustand verkauft werden.<br>Nicht abgeholte Waren oder Erl\u00f6se gehen in den Besitz des Teams.<br>Mit der Anmeldung als Verk\u00e4uferIn \u00fcber basarlino erkennen Sie diese Regularien an.<br>Wenn du noch Fragen hast, helfen wir dir gern weiter! \ud83d\ude0a<\/p>\n\n\n\n<p>Die Anmeldung f\u00fcr den Basar erfolgt \u00fcber Basarlino (mit der App oder Online)unter folgendem Link: <a href=\"https:\/\/basarlino.de\/KK82\" target=\"_blank\" rel=\"noreferrer noopener\">https:\/\/basarlino.de\/KK82<\/a><\/p>\n\n\n\n<p><br>Abgabe der Ware findet statt:<br><strong>Gemeindehalle Schwanstetten<br>Rathausplatz 2<br>90596 Schwanstetten<\/strong><\/p>\n\n\n\n<p><strong>Bitte beachtet folgende Termine<\/strong>:<\/p>\n\n\n\n<ul class=\"wp-block-list\">\n<li>Artikelabgabe: Samstag, 11.04.2026 von 08.30 Uhr bis 11:00 Uhr<\/li>\n\n\n\n<li>Basar: Samstag, 11.04.2026 von 14:30 Uhr bis 17:00 Uhr<\/li>\n\n\n\n<li>Artikelabholung und Auszahlung: Sonntag, 12.04.2025 von 13:00 Uhr bis 14:30 Uhr<br><\/li>\n<\/ul>\n\n\n\n<p><\/p>\n","protected":false},"excerpt":{"rendered":"<p>A. Allgemeine Informationen \/ erlaubte Artikel \u2022 Babyausstattung &amp; Schwangerschaftszubeh\u00f6r\u2022 B\u00fccher\u2022 CDs, DVDs, Tonies und Tigercards\u2022 Kinderkleidung bis Gr\u00f6\u00dfe 176 (nur saisonal passende Kleidung; andere Artikel werden nicht ausgelegt)\u2022 (Turn-) Schuhe &amp; Turnschl\u00e4ppchen (maximal 3 Paar pro Verk\u00e4uferin)\u2022 Spielsachen, Spielzeug, &hellip;<\/p>\n<p class=\"read-more\"> <a class=\"more-link\" href=\"https:\/\/kinderbasar-schwanstetten.de\/?page_id=49\"> <span class=\"screen-reader-text\">Info f\u00fcr Verk\u00e4ufer<\/span> Weiterlesen &raquo;<\/a><\/p>\n","protected":false},"author":1,"featured_media":0,"parent":0,"menu_order":20,"comment_status":"closed","ping_status":"closed","template":"","meta":{"footnotes":""},"class_list":["post-49","page","type-page","status-publish","hentry"],"jetpack_sharing_enabled":true,"_links":{"self":[{"href":"https:\/\/kinderbasar-schwanstetten.de\/index.php?rest_route=\/wp\/v2\/pages\/49","targetHints":{"allow":["GET"]}}],"collection":[{"href":"https:\/\/kinderbasar-schwanstetten.de\/index.php?rest_route=\/wp\/v2\/pages"}],"about":[{"href":"https:\/\/kinderbasar-schwanstetten.de\/index.php?rest_route=\/wp\/v2\/types\/page"}],"author":[{"embeddable":true,"href":"https:\/\/kinderbasar-schwanstetten.de\/index.php?rest_route=\/wp\/v2\/users\/1"}],"replies":[{"embeddable":true,"href":"https:\/\/kinderbasar-schwanstetten.de\/index.php?rest_route=%2Fwp%2Fv2%2Fcomments&post=49"}],"version-history":[{"count":48,"href":"https:\/\/kinderbasar-schwanstetten.de\/index.php?rest_route=\/wp\/v2\/pages\/49\/revisions"}],"predecessor-version":[{"id":585,"href":"https:\/\/kinderbasar-schwanstetten.de\/index.php?rest_route=\/wp\/v2\/pages\/49\/revisions\/585"}],"wp:attachment":[{"href":"https:\/\/kinderbasar-schwanstetten.de\/index.php?rest_route=%2Fwp%2Fv2%2Fmedia&parent=49"}],"curies":[{"name":"wp","href":"https:\/\/api.w.org\/{rel}","templated":true}]}}